{"id":1448,"date":"2023-05-24T22:32:37","date_gmt":"2023-05-24T22:32:37","guid":{"rendered":"https:\/\/www.altbausanierung-mannheim.de\/?page_id=1448"},"modified":"2023-05-24T22:37:31","modified_gmt":"2023-05-24T22:37:31","slug":"impressum","status":"publish","type":"page","link":"https:\/\/www.altbausanierung-mannheim.de\/?page_id=1448","title":{"rendered":"Impressum"},"content":{"rendered":"<div data-colibri-id=\"1448-c1\" class=\"style-1036 style-local-1448-c1 position-relative\">\n  <!---->\n  <div data-colibri-component=\"section\" data-colibri-id=\"1448-c2\" id=\"custom\" class=\"h-section h-section-global-spacing d-flex align-items-lg-center align-items-md-center align-items-center style-1037 style-local-1448-c2 position-relative\">\n    <!---->\n    <!---->\n    <div class=\"h-section-grid-container h-section-boxed-container\">\n      <!---->\n      <div data-colibri-id=\"1448-c5\" class=\"h-row-container gutters-row-lg-2 gutters-row-md-2 gutters-row-0 gutters-row-v-lg-2 gutters-row-v-md-2 gutters-row-v-2 style-1040 style-local-1448-c5 position-relative\">\n        <!---->\n        <div class=\"h-row justify-content-lg-center justify-content-md-center justify-content-center align-items-lg-stretch align-items-md-stretch align-items-stretch gutters-col-lg-2 gutters-col-md-2 gutters-col-0 gutters-col-v-lg-2 gutters-col-v-md-2 gutters-col-v-2\">\n          <!---->\n          <div class=\"h-column h-column-container d-flex h-col-lg-auto h-col-md-auto h-col-auto style-1041-outer style-local-1448-c6-outer\">\n            <div data-colibri-id=\"1448-c6\" class=\"d-flex h-flex-basis h-column__inner h-px-lg-2 h-px-md-2 h-px-2 v-inner-lg-2 v-inner-md-2 v-inner-2 style-1041 style-local-1448-c6 position-relative\">\n              <!---->\n              <!---->\n              <div class=\"w-100 h-y-container h-column__content h-column__v-align flex-basis-100 align-self-lg-start align-self-md-start align-self-start\">\n                <!---->\n                <div data-colibri-id=\"1448-c7\" class=\"h-global-transition-all h-heading style-1042 style-local-1448-c7 position-relative h-element\">\n                  <!---->\n                  <div class=\"h-heading__outer style-1042 style-local-1448-c7\">\n                    <!---->\n                    <!---->\n                    <h1 class=\"\"><span style=\"font-family: Lato; color: rgb(53, 50, 48); font-weight: 700;\">Impressum<\/span><\/h1>\n                  <\/div>\n                <\/div>\n              <\/div>\n            <\/div>\n          <\/div>\n        <\/div>\n      <\/div>\n      <div data-colibri-id=\"1448-c8\" class=\"h-row-container gutters-row-lg-2 gutters-row-md-2 gutters-row-0 gutters-row-v-lg-2 gutters-row-v-md-2 gutters-row-v-2 style-1043 style-local-1448-c8 position-relative\">\n        <!---->\n        <div class=\"h-row justify-content-lg-center justify-content-md-center justify-content-center align-items-lg-stretch align-items-md-stretch align-items-stretch gutters-col-lg-2 gutters-col-md-2 gutters-col-0 gutters-col-v-lg-2 gutters-col-v-md-2 gutters-col-v-2\">\n          <!---->\n          <div class=\"h-column h-column-container d-flex h-col-lg-auto h-col-md-auto h-col-auto style-1044-outer style-local-1448-c9-outer\">\n            <div data-colibri-id=\"1448-c9\" class=\"d-flex h-flex-basis h-column__inner h-px-lg-2 h-px-md-2 h-px-2 v-inner-lg-2 v-inner-md-2 v-inner-2 style-1044 style-local-1448-c9 position-relative\">\n              <!---->\n              <!---->\n              <div class=\"w-100 h-y-container h-column__content h-column__v-align flex-basis-100 align-self-lg-start align-self-md-start align-self-start\">\n                <!---->\n                <div data-colibri-id=\"1448-c10\" class=\"h-text h-text-component style-1045 style-local-1448-c10 position-relative h-element\">\n                  <!---->\n                  <!---->\n                  <div class=\"\">\n                    <h2><span style=\"font-size: 34.177502px; color: rgb(45, 42, 40); font-family: Lato;\">Angaben gem\u00e4\u00df \u00a7 5 TMG<\/span><\/h2>\n                    <p><span style=\"color: rgb(45, 42, 40); font-family: Lato;\">Peter B\u00f6ll GmbH&nbsp;<br>Carl-Reuther-Stra\u00dfe 3&nbsp;<br>68305 Mannheim<\/span><\/p>\n                    <p><span style=\"color: rgb(45, 42, 40); font-family: Lato;\">Handelsregister: HRB726605<\/span><\/p>\n                    <p><span style=\"color: rgb(45, 42, 40); font-family: Lato;\">Registergericht: Amtsgericht Mannheim<\/span><\/p>\n                    <p><span style=\"color: rgb(45, 42, 40); font-family: Lato;\"><br><\/span><\/p>\n                    <p><strong style=\"color: rgb(45, 42, 40); font-family: Lato;\">Vertreten durch die Gesch\u00e4ftsf\u00fchrer:<\/strong><span style=\"color: rgb(45, 42, 40); font-family: Lato;\">&nbsp;<br>Branko Gajic<\/span><\/p>\n                    <h2><span style=\"color: rgb(45, 42, 40); font-family: Lato;\">Kontakt<\/span><\/h2>\n                    <p><span style=\"color: rgb(45, 42, 40); font-family: Lato;\">Telefon:&nbsp;0621-309827912&nbsp;<br>Telefax: 0621-309827917&nbsp;<br>E-Mail: office@service-ums-haus.de<\/span><\/p>\n                    <h2><span style=\"color: rgb(45, 42, 40); font-family: Lato;\">Umsatzsteuer<\/span><\/h2>\n                    <p><span style=\"color: rgb(45, 42, 40); font-family: Lato;\">Umsatzsteuer-Identifikationsnummer gem\u00e4\u00df \u00a727 a Umsatzsteuergesetz:&nbsp;<br>DE265276815<\/span><\/p>\n                    <h2><span style=\"color: rgb(45, 42, 40); font-family: Lato;\">Angaben zur Berufshaftpflichtversicherung<\/span><\/h2>\n                    <p><strong style=\"color: rgb(45, 42, 40); font-family: Lato;\">Name und Sitz des Versicherers:<\/strong><span style=\"color: rgb(45, 42, 40); font-family: Lato;\">&nbsp;<br>Allianz Versicherungs-AG&nbsp;<br>10900 Berlin<\/span><\/p>\n                    <p><strong style=\"color: rgb(45, 42, 40); font-family: Lato;\">Geltungsraum der Versicherung:<\/strong><span style=\"color: rgb(45, 42, 40); font-family: Lato;\">&nbsp;<br>Europaweit<\/span><\/p>\n                    <h2><span style=\"color: rgb(45, 42, 40); font-family: Lato;\">Verantwortlich f\u00fcr den Inhalt nach \u00a7 55 Abs. 2 RStV<\/span><\/h2>\n                    <p><span style=\"color: rgb(45, 42, 40); font-family: Lato;\">Branko Gajic&nbsp;<br>Carl-Reuther-Stra\u00dfe 3&nbsp;<br>68305 Mannheim<\/span><\/p>\n                    <h2><span style=\"color: rgb(45, 42, 40); font-family: Lato;\">Streitschlichtung<\/span><\/h2>\n                    <p><span style=\"color: rgb(45, 42, 40); font-family: Lato;\">Die Europ\u00e4ische Kommission stellt eine Plattform zur Online-Streitbeilegung (OS) bereit:&nbsp;&nbsp;<\/span>\n                      <a href=\"https:\/\/ec.europa.eu\/consumers\/odr\" style=\"color: rgb(45, 42, 40); font-size: 1em; font-weight: 400; font-family: Lato;\" rel=\"noopener\" target=\"_blank\" class=\"customize-unpreviewable\" draggable=\"false\">https:\/\/ec.europa.eu\/consumers\/odr<\/a><span style=\"color: rgb(45, 42, 40); font-family: Lato;\">.&nbsp;<br>Unsere E-Mail-Adresse finden Sie oben im Impressum.<\/span><\/p>\n                    <p><span style=\"color: rgb(45, 42, 40); font-family: Lato;\">Wir sind nicht bereit oder verpflichtet, an Streitbeilegungsverfahren vor einer Verbraucherschlichtungsstelle teilzunehmen.<\/span><\/p>\n                    <h3><span style=\"color: rgb(45, 42, 40); font-family: Lato;\">Haftung f\u00fcr Inhalte<\/span><\/h3>\n                    <p><span style=\"color: rgb(45, 42, 40); font-family: Lato;\">Als Diensteanbieter sind wir gem\u00e4\u00df \u00a7 7 Abs.1 TMG f\u00fcr eigene Inhalte auf diesen Seiten nach den allgemeinen Gesetzen verantwortlich. Nach \u00a7\u00a7 8 bis 10 TMG sind wir als Diensteanbieter jedoch nicht verpflichtet, \u00fcbermittelte oder gespeicherte fremde Informationen zu \u00fcberwachen oder nach Umst\u00e4nden zu forschen, die auf eine rechtswidrige T\u00e4tigkeit hinweisen.<\/span><\/p>\n                    <p><span style=\"color: rgb(45, 42, 40); font-family: Lato;\">Verpflichtungen zur Entfernung oder Sperrung der Nutzung von Informationen nach den allgemeinen Gesetzen bleiben hiervon unber\u00fchrt. Eine diesbez\u00fcgliche Haftung ist jedoch erst ab dem Zeitpunkt der Kenntnis einer konkreten Rechtsverletzung m\u00f6glich. Bei Bekanntwerden von entsprechenden Rechtsverletzungen werden wir diese Inhalte umgehend entfernen.<\/span><\/p>\n                    <h3><span style=\"color: rgb(45, 42, 40); font-family: Lato;\">Haftung f\u00fcr Links<\/span><\/h3>\n                    <p><span style=\"color: rgb(45, 42, 40); font-family: Lato;\">Unser Angebot enth\u00e4lt Links zu externen Websites Dritter, auf deren Inhalte wir keinen Einfluss haben. Deshalb k\u00f6nnen wir f\u00fcr diese fremden Inhalte auch keine Gew\u00e4hr \u00fcbernehmen. F\u00fcr die Inhalte der verlinkten Seiten ist stets der jeweilige Anbieter oder Betreiber der Seiten verantwortlich. Die verlinkten Seiten wurden zum Zeitpunkt der Verlinkung auf m\u00f6gliche Rechtsverst\u00f6\u00dfe \u00fcberpr\u00fcft. Rechtswidrige Inhalte waren zum Zeitpunkt der Verlinkung nicht erkennbar.<\/span><\/p>\n                    <p><span style=\"color: rgb(45, 42, 40); font-family: Lato;\">Eine permanente inhaltliche Kontrolle der verlinkten Seiten ist jedoch ohne konkrete Anhaltspunkte einer Rechtsverletzung nicht zumutbar. Bei Bekanntwerden von Rechtsverletzungen werden wir derartige Links umgehend entfernen.<\/span><\/p>\n                    <h3><span style=\"color: rgb(45, 42, 40); font-family: Lato;\">Urheberrecht<\/span><\/h3>\n                    <p><span style=\"color: rgb(45, 42, 40); font-family: Lato;\">Die durch die Seitenbetreiber erstellten Inhalte und Werke auf diesen Seiten unterliegen dem deutschen Urheberrecht. Die Vervielf\u00e4ltigung, Bearbeitung, Verbreitung und jede Art der Verwertung au\u00dferhalb der Grenzen des Urheberrechtes bed\u00fcrfen der schriftlichen Zustimmung des jeweiligen Autors bzw. Erstellers. Downloads und Kopien dieser Seite sind nur f\u00fcr den privaten, nicht kommerziellen Gebrauch gestattet.<\/span><\/p>\n                    <p><span style=\"color: rgb(45, 42, 40); font-family: Lato;\">Soweit die Inhalte auf dieser Seite nicht vom Betreiber erstellt wurden, werden die Urheberrechte Dritter beachtet. Insbesondere werden Inhalte Dritter als solche gekennzeichnet. Sollten Sie trotzdem auf eine Urheberrechtsverletzung aufmerksam werden, bitten wir um einen entsprechenden Hinweis. Bei Bekanntwerden von Rechtsverletzungen werden wir derartige Inhalte umgehend entfernen.<\/span><\/p>\n                    <p>\n                      <br>\n                    <\/p>\n                  <\/div>\n                <\/div>\n              <\/div>\n            <\/div>\n          <\/div>\n        <\/div>\n      <\/div>\n      <div data-colibri-id=\"1448-c3\" class=\"h-row-container gutters-row-lg-2 gutters-row-md-2 gutters-row-0 gutters-row-v-lg-2 gutters-row-v-md-2 gutters-row-v-2 style-1038 style-local-1448-c3 position-relative\">\n        <!---->\n        <div class=\"h-row justify-content-lg-center justify-content-md-center justify-content-center align-items-lg-stretch align-items-md-stretch align-items-stretch gutters-col-lg-2 gutters-col-md-2 gutters-col-0 gutters-col-v-lg-2 gutters-col-v-md-2 gutters-col-v-2\">\n          <!---->\n          <div class=\"h-column h-column-container d-flex h-col-lg-auto h-col-md-auto h-col-auto style-1039-outer style-local-1448-c4-outer\">\n            <div data-colibri-id=\"1448-c4\" class=\"d-flex h-flex-basis h-column__inner h-ui-empty-state-container h-px-lg-2 h-px-md-2 h-px-2 v-inner-lg-2 v-inner-md-2 v-inner-2 style-1039 style-local-1448-c4 position-relative\">\n              <!---->\n              <!---->\n              <div class=\"w-100 h-y-container h-column__content h-column__v-align flex-basis-100\">\n                <!---->\n              <\/div>\n            <\/div>\n          <\/div>\n        <\/div>\n      <\/div>\n    <\/div>\n  <\/div>\n<\/div>","protected":false},"excerpt":{"rendered":"<p>Impressum Angaben gem\u00e4\u00df \u00a7 5 TMG Peter B\u00f6ll GmbH&nbsp;Carl-Reuther-Stra\u00dfe 3&nbsp;68305 Mannheim Handelsregister: HRB726605 Registergericht: Amtsgericht Mannheim Vertreten durch die Gesch\u00e4ftsf\u00fchrer:&nbsp;Branko Gajic Kontakt Telefon:&nbsp;0621-309827912&nbsp;Telefax: 0621-309827917&nbsp;E-Mail: office@service-ums-haus.de Umsatzsteuer Umsatzsteuer-Identifikationsnummer gem\u00e4\u00df \u00a727 a Umsatzsteuergesetz:&nbsp;DE265276815 Angaben zur Berufshaftpflichtversicherung Name und Sitz des Versicherers:&nbsp;Allianz Versicherungs-AG&nbsp;10900 Berlin Geltungsraum der Versicherung:&nbsp;Europaweit Verantwortlich f\u00fcr den Inhalt nach \u00a7 55 Abs. 2 RStV Branko [&hellip;]<\/p>\n","protected":false},"author":2,"featured_media":0,"parent":0,"menu_order":0,"comment_status":"closed","ping_status":"closed","template":"page-templates\/full-width-page.php","meta":[],"_links":{"self":[{"href":"https:\/\/www.altbausanierung-mannheim.de\/index.php?rest_route=\/wp\/v2\/pages\/1448"}],"collection":[{"href":"https:\/\/www.altbausanierung-mannheim.de\/index.php?rest_route=\/wp\/v2\/pages"}],"about":[{"href":"https:\/\/www.altbausanierung-mannheim.de\/index.php?rest_route=\/wp\/v2\/types\/page"}],"author":[{"embeddable":true,"href":"https:\/\/www.altbausanierung-mannheim.de\/index.php?rest_route=\/wp\/v2\/users\/2"}],"replies":[{"embeddable":true,"href":"https:\/\/www.altbausanierung-mannheim.de\/index.php?rest_route=%2Fwp%2Fv2%2Fcomments&post=1448"}],"version-history":[{"count":2,"href":"https:\/\/www.altbausanierung-mannheim.de\/index.php?rest_route=\/wp\/v2\/pages\/1448\/revisions"}],"predecessor-version":[{"id":1473,"href":"https:\/\/www.altbausanierung-mannheim.de\/index.php?rest_route=\/wp\/v2\/pages\/1448\/revisions\/1473"}],"wp:attachment":[{"href":"https:\/\/www.altbausanierung-mannheim.de\/index.php?rest_route=%2Fwp%2Fv2%2Fmedia&parent=1448"}],"curies":[{"name":"wp","href":"https:\/\/api.w.org\/{rel}","templated":true}]}}